{"id":4439,"date":"2021-10-12T16:27:24","date_gmt":"2021-10-12T16:27:24","guid":{"rendered":"http:\/\/dummy.xtemos.com\/woodmart2\/elementor\/?page_id=4439"},"modified":"2024-01-24T14:57:23","modified_gmt":"2024-01-24T11:57:23","slug":"iletisim","status":"publish","type":"page","link":"https:\/\/arenjewellery.com\/en\/iletisim\/","title":{"rendered":"Contact us"},"content":{"rendered":"<div data-elementor-type=\"wp-page\" data-elementor-id=\"4439\" class=\"elementor elementor-4439\">\n\t\t\t\t\t\t\t<div class=\"elementor-element elementor-element-68d0e93 wd-section-stretch-content e-flex e-con-boxed e-con e-parent\" data-id=\"68d0e93\" data-element_type=\"container\" data-settings=\"{&quot;content_width&quot;:&quot;boxed&quot;}\" data-core-v316-plus=\"true\">\n\t\t\t\t\t<div class=\"e-con-inner\">\n\t\t<div class=\"elementor-element elementor-element-9ed7cfb e-con-full e-flex e-con e-child\" data-id=\"9ed7cfb\" data-element_type=\"container\" data-settings=\"{&quot;content_width&quot;:&quot;full&quot;}\">\n\t\t\t\t<div class=\"elementor-element elementor-element-5b5f235 wd-width-100 elementor-widget elementor-widget-wd_google_map\" data-id=\"5b5f235\" data-element_type=\"widget\" data-widget_type=\"wd_google_map.default\">\n\t\t\t\t<div class=\"elementor-widget-container\">\n\t\t\t\t\t<div class=\"google-map-container wd-map-container\" data-map-args='{\"multiple_markers\":\"no\",\"latitude\":\"41.0100168\",\"longitude\":\"28.9732867\",\"zoom\":15,\"mouse_zoom\":\"no\",\"init_type\":\"page_load\",\"init_offset\":\"\",\"json_style\":\"W3siZmVhdHVyZVR5cGUiOiJsYW5kc2NhcGUubWFuX21hZGUiLCJlbGVtZW50VHlwZSI6ImFsbCIsInN0eWxlcnMiOlt7ImNvbG9yIjoiI2ZhZjVlZCJ9LHsibGlnaHRuZXNzIjoiMCJ9LHsiZ2FtbWEiOiIxIn1dfSx7ImZlYXR1cmVUeXBlIjoicG9pLnBhcmsiLCJlbGVtZW50VHlwZSI6Imdlb21ldHJ5LmZpbGwiLCJzdHlsZXJzIjpbeyJjb2xvciI6IiNiYWU1YTYifV19LHsiZmVhdHVyZVR5cGUiOiJyb2FkIiwiZWxlbWVudFR5cGUiOiJhbGwiLCJzdHlsZXJzIjpbeyJ3ZWlnaHQiOiIxLjAwIn0seyJnYW1tYSI6IjEuOCJ9LHsic2F0dXJhdGlvbiI6IjAifV19LHsiZmVhdHVyZVR5cGUiOiJyb2FkIiwiZWxlbWVudFR5cGUiOiJnZW9tZXRyeS5maWxsIiwic3R5bGVycyI6W3siaHVlIjoiI2ZmYjIwMCJ9XX0seyJmZWF0dXJlVHlwZSI6InJvYWQuYXJ0ZXJpYWwiLCJlbGVtZW50VHlwZSI6Imdlb21ldHJ5LmZpbGwiLCJzdHlsZXJzIjpbeyJsaWdodG5lc3MiOiIwIn0seyJnYW1tYSI6IjEifV19LHsiZmVhdHVyZVR5cGUiOiJ0cmFuc2l0LnN0YXRpb24uYWlycG9ydCIsImVsZW1lbnRUeXBlIjoiYWxsIiwic3R5bGVycyI6W3siaHVlIjoiI2IwMDBmZiJ9LHsic2F0dXJhdGlvbiI6IjIzIn0seyJsaWdodG5lc3MiOiItNCJ9LHsiZ2FtbWEiOiIwLjgwIn1dfSx7ImZlYXR1cmVUeXBlIjoid2F0ZXIiLCJlbGVtZW50VHlwZSI6ImFsbCIsInN0eWxlcnMiOlt7ImNvbG9yIjoiI2EwZGFmMiJ9XX1d\",\"marker_icon\":\"https:\\\/\\\/arenjewellery.com\\\/wp-content\\\/themes\\\/woodmart\\\/inc\\\/admin\\\/assets\\\/images\\\/google-icon.png\",\"marker_icon_size\":\"\",\"elementor\":true,\"marker_text_needed\":\"no\",\"marker_text\":\"<h3 style=\\\"min-width:300px; text-align:center; margin:15px;\\\"><\\\/h3>\",\"selector\":\"wd-map-id-69f26199a9d18\",\"markers\":null,\"center\":\"\"}'>\n\n\t\t\t\n\t\t\t\n\t\t\t<div class=\"wd-google-map-wrapper wd-map-wrapper wd-fill\">\n\t\t\t\t<div id=\"wd-map-id-69f26199a9d18\" class=\"wd-google-map without-content wd-fill\"><\/div>\n\t\t\t<\/div>\n\n\t\t\t\t\t<\/div>\n\t\t\t\t<\/div>\n\t\t\t\t<\/div>\n\t\t\t\t<\/div>\n\t\t\t\t\t<\/div>\n\t\t\t\t<\/div>\n\t\t\t\t<section class=\"wd-negative-gap elementor-section elementor-top-section elementor-element elementor-element-52b7d274 elementor-section-boxed elementor-section-height-default elementor-section-height-default\" data-id=\"52b7d274\" data-element_type=\"section\">\n\t\t\t\t\t\t<div class=\"elementor-container elementor-column-gap-default\">\n\t\t\t\t\t<div class=\"elementor-column elementor-col-50 elementor-top-column elementor-element elementor-element-776f1606\" data-id=\"776f1606\" data-element_type=\"column\">\n\t\t\t<div class=\"elementor-widget-wrap elementor-element-populated\">\n\t\t\t\t\t\t\t\t<div class=\"elementor-element elementor-element-50800fea wd-width-100 elementor-widget elementor-widget-wd_title\" data-id=\"50800fea\" data-element_type=\"widget\" data-widget_type=\"wd_title.default\">\n\t\t\t\t<div class=\"elementor-widget-container\">\n\t\t\t\t\t<div class=\"title-wrapper set-mb-s reset-last-child wd-title-color-default wd-title-style-bordered wd-title-size-default text-left\">\n\n\t\t\t\n\t\t\t<div class=\"liner-continer\">\n\t\t\t\t<h4 class=\"woodmart-title-container title wd-fontsize-l\">SEND US A MESSAGE<\/h4> \n\t\t\t\t\t\t\t<\/div>\n\n\t\t\t\t\t<\/div>\n\t\t\t\t<\/div>\n\t\t\t\t<\/div>\n\t\t\t\t<div class=\"elementor-element elementor-element-1e182b32 elementor-widget elementor-widget-wd_contact_form_7\" data-id=\"1e182b32\" data-element_type=\"widget\" data-widget_type=\"wd_contact_form_7.default\">\n\t\t\t\t<div class=\"elementor-widget-container\">\n\t\t\t\n<div class=\"wpcf7 no-js\" id=\"wpcf7-f1572-o1\" lang=\"en-US\" dir=\"ltr\">\n<div class=\"screen-reader-response\"><p role=\"status\" aria-live=\"polite\" aria-atomic=\"true\"><\/p> <ul><\/ul><\/div>\n<form action=\"\/en\/wp-json\/wp\/v2\/pages\/4439#wpcf7-f1572-o1\" method=\"post\" class=\"wpcf7-form init\" aria-label=\"Contact form\" novalidate=\"novalidate\" data-status=\"init\" data-trp-original-action=\"\/en\/wp-json\/wp\/v2\/pages\/4439#wpcf7-f1572-o1\">\n<div style=\"display: none;\">\n<input type=\"hidden\" name=\"_wpcf7\" value=\"1572\" \/>\n<input type=\"hidden\" name=\"_wpcf7_version\" value=\"5.8.6\" \/>\n<input type=\"hidden\" name=\"_wpcf7_locale\" value=\"en_US\" \/>\n<input type=\"hidden\" name=\"_wpcf7_unit_tag\" value=\"wpcf7-f1572-o1\" \/>\n<input type=\"hidden\" name=\"_wpcf7_container_post\" value=\"0\" \/>\n<input type=\"hidden\" name=\"_wpcf7_posted_data_hash\" value=\"\" \/>\n<input type=\"hidden\" name=\"_wpcf7_recaptcha_response\" value=\"\" \/>\n<\/div>\n<div class=\"row\">\n\t<p class=\"col-md-6\"><label>Your name<\/label><span class=\"wpcf7-form-control-wrap\" data-name=\"your-name\"><input size=\"40\" class=\"wpcf7-form-control wpcf7-text wpcf7-validates-as-required\" aria-required=\"true\" aria-invalid=\"false\" value=\"\" type=\"text\" name=\"your-name\" \/><\/span>\n\t<\/p>\n\t<p class=\"col-md-6\"><label>Email<\/label><span class=\"wpcf7-form-control-wrap\" data-name=\"your-email\"><input size=\"40\" class=\"wpcf7-form-control wpcf7-email wpcf7-validates-as-required wpcf7-text wpcf7-validates-as-email\" aria-required=\"true\" aria-invalid=\"false\" value=\"\" type=\"email\" name=\"your-email\" \/><\/span>\n\t<\/p>\n<\/div>\n<div class=\"row\">\n\t<p class=\"col-md-6\"><label>Telephone<\/label><span class=\"wpcf7-form-control-wrap\" data-name=\"tel-767\"><input size=\"40\" class=\"wpcf7-form-control wpcf7-tel wpcf7-text wpcf7-validates-as-tel\" aria-invalid=\"false\" value=\"\" type=\"tel\" name=\"tel-767\" \/><\/span>\n\t<\/p>\n\t<p class=\"col-md-6\"><label>Subject<\/label><span class=\"wpcf7-form-control-wrap\" data-name=\"text-1\"><input size=\"40\" class=\"wpcf7-form-control wpcf7-text\" aria-invalid=\"false\" value=\"\" type=\"text\" name=\"text-1\" \/><\/span>\n\t<\/p>\n<\/div>\n<p><label>Your message<\/label><span class=\"wpcf7-form-control-wrap\" data-name=\"your-message\"><textarea cols=\"40\" rows=\"10\" class=\"wpcf7-form-control wpcf7-textarea\" aria-invalid=\"false\" name=\"your-message\"><\/textarea><\/span>\n<\/p>\n<p><span class=\"wpcf7-form-control-wrap\" data-name=\"acceptance-866\"><span class=\"wpcf7-form-control wpcf7-acceptance\"><span class=\"wpcf7-list-item\"><label><input type=\"checkbox\" name=\"acceptance-866\" value=\"1\" aria-invalid=\"false\" \/><span class=\"wpcf7-list-item-label\"><a href=\"https:\/\/arenjewellery.com\/en\/gizlilik-politikasi\/\" target=\"_blank\">Privacy Policy<\/a>I have read and approve.<\/span><\/label><\/span><\/span><\/span>\n<\/p>\n<p><input class=\"wpcf7-form-control wpcf7-submit has-spinner btn-color-black\" type=\"submit\" value=\"SEND\" \/>\n<\/p><div class=\"wpcf7-response-output\" aria-hidden=\"true\"><\/div>\n<input type=\"hidden\" name=\"trp-form-language\" value=\"en\"\/><\/form>\n<\/div>\n\t\t<\/div>\n\t\t\t\t<\/div>\n\t\t\t\t\t<\/div>\n\t\t<\/div>\n\t\t\t\t<div class=\"elementor-column elementor-col-50 elementor-top-column elementor-element elementor-element-4eb03942\" data-id=\"4eb03942\" data-element_type=\"column\">\n\t\t\t<div class=\"elementor-widget-wrap elementor-element-populated\">\n\t\t\t\t\t\t\t\t<div class=\"elementor-element elementor-element-72ac6738 wd-width-100 elementor-widget elementor-widget-wd_title\" data-id=\"72ac6738\" data-element_type=\"widget\" data-widget_type=\"wd_title.default\">\n\t\t\t\t<div class=\"elementor-widget-container\">\n\t\t\t\t\t<div class=\"title-wrapper set-mb-s reset-last-child wd-title-color-default wd-title-style-bordered wd-title-size-default text-left\">\n\n\t\t\t\n\t\t\t<div class=\"liner-continer\">\n\t\t\t\t<h4 class=\"woodmart-title-container title wd-fontsize-l\">CONTACT US<\/h4> \n\t\t\t\t\t\t\t<\/div>\n\n\t\t\t\t\t<\/div>\n\t\t\t\t<\/div>\n\t\t\t\t<\/div>\n\t\t\t\t<section class=\"wd-negative-gap elementor-section elementor-inner-section elementor-element elementor-element-e509df8 elementor-section-boxed elementor-section-height-default elementor-section-height-default\" data-id=\"e509df8\" data-element_type=\"section\">\n\t\t\t\t\t\t<div class=\"elementor-container elementor-column-gap-extended\">\n\t\t\t\t\t<div class=\"elementor-column elementor-col-50 elementor-inner-column elementor-element elementor-element-3f0f1d6f\" data-id=\"3f0f1d6f\" data-element_type=\"column\">\n\t\t\t<div class=\"elementor-widget-wrap elementor-element-populated\">\n\t\t\t\t\t\t\t\t<div class=\"elementor-element elementor-element-3399ab1d elementor-widget elementor-widget-wd_infobox\" data-id=\"3399ab1d\" data-element_type=\"widget\" data-widget_type=\"wd_infobox.default\">\n\t\t\t\t<div class=\"elementor-widget-container\">\n\t\t\t\t\t<div class=\"info-box-wrapper\">\n\t\t\t<div class=\"wd-info-box text-left box-icon-align-left box-style-base color-scheme- wd-items-middle\">\n\t\t\t\t\t\t\t\t\t<div class=\"box-icon-wrapper  box-with-icon box-icon-simple\">\n\t\t\t\t\t\t<div class=\"info-box-icon\">\n\t\t\t\t\t\t\t\t\t\t\t\t\t\t\t<span class=\"info-svg-wrapper info-icon\" style=\"width:40px; height:40px;\"><svg xmlns=\"http:\/\/www.w3.org\/2000\/svg\" xmlns:xlink=\"http:\/\/www.w3.org\/1999\/xlink\" id=\"svg-4880\" x=\"0px\" y=\"0px\" width=\"512px\" height=\"512px\" viewbox=\"0 0 792 792\" style=\"enable-background:new 0 0 792 792;\" xml:space=\"preserve\"> <g> <g id=\"_x39__14_\"> <g> <path d=\"M581.625,0h-371.25c-54.673,0-99,44.327-99,99v594c0,54.673,44.327,99,99,99h371.25c54.673,0,99-44.327,99-99V99 C680.625,44.327,636.298,0,581.625,0z M631.125,693c0,27.349-22.151,49.5-49.5,49.5h-371.25c-27.349,0-49.5-22.151-49.5-49.5 v-74.25h470.25V693z M631.125,569.25h-470.25v-396h470.25V569.25z M631.125,123.75h-470.25V99c0-27.349,22.151-49.5,49.5-49.5 h371.25c27.349,0,49.5,22.176,49.5,49.5V123.75z M396,717.75c20.493,0,37.125-16.632,37.125-37.125S416.493,643.5,396,643.5 s-37.125,16.632-37.125,37.125S375.507,717.75,396,717.75z\" fill=\"#d1d1d1\"><\/path> <\/g> <\/g> <\/g> <g> <\/g> <g> <\/g> <g> <\/g> <g> <\/g> <g> <\/g> <g> <\/g> <g> <\/g> <g> <\/g> <g> <\/g> <g> <\/g> <g> <\/g> <g> <\/g> <g> <\/g> <g> <\/g> <g> <\/g> <\/svg><\/span>\t\t\t\t\t\t\t\t\t\t\t\t\t<\/div>\n\t\t\t\t\t<\/div>\n\t\t\t\t\n\t\t\t\t<div class=\"info-box-content\">\n\t\t\t\t\t\n\t\t\t\t\t\n\t\t\t\t\t<div class=\"info-box-inner set-cont-mb-s reset-last-child\"data-elementor-setting-key=\"content\"><p><strong>0212 514 23 90<\/strong><\/p>\n<\/div>\n\n\t\t\t\t\t\t\t\t\t<\/div>\n\n\t\t\t\t\t\t\t\t\t<a href=\"tel: 902125142390\" class=\"wd-info-box-link wd-fill\" aria-label=\"Infobox link\"><\/a>\n\t\t\t\t\t\t\t<\/div>\n\t\t<\/div>\n\t\t\t\t<\/div>\n\t\t\t\t<\/div>\n\t\t\t\t\t<\/div>\n\t\t<\/div>\n\t\t\t\t<div class=\"elementor-column elementor-col-50 elementor-top-column elementor-element elementor-element-3938fb9c\" data-id=\"3938fb9c\" data-element_type=\"column\">\n\t\t\t<div class=\"elementor-widget-wrap elementor-element-populated\">\n\t\t\t\t\t\t\t\t<div class=\"elementor-element elementor-element-56c75d70 elementor-widget elementor-widget-wd_infobox\" data-id=\"56c75d70\" data-element_type=\"widget\" data-widget_type=\"wd_infobox.default\">\n\t\t\t\t<div class=\"elementor-widget-container\">\n\t\t\t\t\t<div class=\"info-box-wrapper\">\n\t\t\t<div class=\"wd-info-box text-left box-icon-align-left box-style-base color-scheme- wd-items-middle\">\n\t\t\t\t\t\t\t\t\t<div class=\"box-icon-wrapper  box-with-icon box-icon-simple\">\n\t\t\t\t\t\t<div class=\"info-box-icon\">\n\t\t\t\t\t\t\t\t\t\t\t\t\t\t\t<span class=\"info-svg-wrapper info-icon\" style=\"width:40px; height:40px;\"><svg xmlns=\"http:\/\/www.w3.org\/2000\/svg\" xmlns:xlink=\"http:\/\/www.w3.org\/1999\/xlink\" id=\"svg-2937\" x=\"0px\" y=\"0px\" width=\"512px\" height=\"512px\" viewbox=\"0 0 631.742 631.742\" style=\"enable-background:new 0 0 631.742 631.742;\" xml:space=\"preserve\"> <g> <g id=\"_x34__18_\"> <g> <path d=\"M256.646,256.646c16.346,0,29.613-13.247,29.613-29.613c0-16.346-13.267-29.613-29.613-29.613 c-16.347,0-29.613,13.267-29.613,29.613C227.032,243.398,240.299,256.646,256.646,256.646z M375.097,256.646 c16.347,0,29.613-13.247,29.613-29.613c0-16.346-13.267-29.613-29.613-29.613c-16.346,0-29.612,13.267-29.612,29.613 C345.484,243.398,358.751,256.646,375.097,256.646z M200.104,448.872c15.359,2.488,50.243,5.192,66.412,5.192 c141.748,0,236.904-105.481,236.904-229.5S384.514,0,266.516,0C124.572,0,9.871,100.546,9.871,224.564 c0,71.841,27.382,132.844,78.968,176.77V513.29L200.104,448.872z M49.355,227.032c0-103.586,93.833-187.548,217.161-187.548 c98.177,0,197.419,83.962,197.419,187.548s-77.487,187.549-197.419,187.549c-17.629,0-54.409-2.014-70.814-5.43l-67.379,44.913 V384.1C80.172,345.03,49.355,292.832,49.355,227.032z M541.896,180.402c0.375,5.666,1.007,11.273,1.007,17.018 c0,12.556-1.204,24.855-2.981,36.997c26.573,31.113,42.465,69.432,42.465,111.068c0,65.8-39.325,123.604-98.709,157.066v69.966 l-67.38-44.913c-16.405,3.415-33.442,5.429-51.072,5.429c-51.131,0-78.296-15.359-115.411-40.905 c-10.759,0.869-21.637,1.422-32.653,1.422c-7.857,0-15.557-0.573-23.296-1.007c46.986,45.959,95.334,75.039,171.36,75.039 c16.169,0,31.942-1.461,47.282-3.969l110.653,68.13V519.766c59.996-41.103,98.71-104.908,98.71-176.77 C621.871,278.954,591.073,221.327,541.896,180.402z M138.194,256.646c16.346,0,29.613-13.247,29.613-29.613 c0-16.346-13.267-29.613-29.613-29.613c-16.347,0-29.613,13.267-29.613,29.613C108.581,243.398,121.847,256.646,138.194,256.646z \" fill=\"#d1d1d1\"><\/path> <\/g> <\/g> <\/g> <g> <\/g> <g> <\/g> <g> <\/g> <g> <\/g> <g> <\/g> <g> <\/g> <g> <\/g> <g> <\/g> <g> <\/g> <g> <\/g> <g> <\/g> <g> <\/g> <g> <\/g> <g> <\/g> <g> <\/g> <\/svg><\/span>\t\t\t\t\t\t\t\t\t\t\t\t\t<\/div>\n\t\t\t\t\t<\/div>\n\t\t\t\t\n\t\t\t\t<div class=\"info-box-content\">\n\t\t\t\t\t\n\t\t\t\t\t\n\t\t\t\t\t<div class=\"info-box-inner set-cont-mb-s reset-last-child\"data-elementor-setting-key=\"content\"><p><strong>info@arenjewellery.com<\/strong><\/p>\n<\/div>\n\n\t\t\t\t\t\t\t\t\t<\/div>\n\n\t\t\t\t\t\t\t\t\t<a href=\"mailto:info@arenjewellery.com\" class=\"wd-info-box-link wd-fill\" aria-label=\"Infobox link\"><\/a>\n\t\t\t\t\t\t\t<\/div>\n\t\t<\/div>\n\t\t\t\t<\/div>\n\t\t\t\t<\/div>\n\t\t\t\t\t<\/div>\n\t\t<\/div>\n\t\t\t\t\t\t\t<\/div>\n\t\t<\/section>\n\t\t\t\t<div class=\"elementor-element elementor-element-24abbf80 elementor-widget elementor-widget-wd_infobox\" data-id=\"24abbf80\" data-element_type=\"widget\" data-widget_type=\"wd_infobox.default\">\n\t\t\t\t<div class=\"elementor-widget-container\">\n\t\t\t\t\t<div class=\"info-box-wrapper\">\n\t\t\t<div class=\"wd-info-box text-left box-icon-align-left box-style-base color-scheme- wd-items-middle\">\n\t\t\t\t\t\t\t\t\t<div class=\"box-icon-wrapper  box-with-icon box-icon-simple\">\n\t\t\t\t\t\t<div class=\"info-box-icon\">\n\t\t\t\t\t\t\t\t\t\t\t\t\t\t\t<span class=\"info-svg-wrapper info-icon\" style=\"width:40px; height:40px;\"><svg xmlns=\"http:\/\/www.w3.org\/2000\/svg\" xmlns:xlink=\"http:\/\/www.w3.org\/1999\/xlink\" id=\"svg-7661\" x=\"0px\" y=\"0px\" width=\"512px\" height=\"512px\" viewbox=\"0 0 792 792\" style=\"enable-background:new 0 0 792 792;\" xml:space=\"preserve\"> <g> <g id=\"_x31__15_\"> <g> <path d=\"M396,173.25c-68.335,0-123.75,55.415-123.75,123.75S327.665,420.75,396,420.75S519.75,365.335,519.75,297 S464.335,173.25,396,173.25z M396,371.25c-41.011,0-74.25-33.239-74.25-74.25s33.239-74.25,74.25-74.25s74.25,33.239,74.25,74.25 S437.011,371.25,396,371.25z M396,0C231.982,0,99,132.982,99,297c0,124.171,247.624,495.248,297,495 c48.609,0.247,297-372.487,297-495C693,132.982,560.019,0,396,0z M396,717.75C354.841,717.973,148.5,400.479,148.5,297 c0-136.694,110.806-247.5,247.5-247.5S643.5,160.306,643.5,297C643.5,399.094,436.516,717.973,396,717.75z\" fill=\"#d1d1d1\"><\/path> <\/g> <\/g> <\/g> <g> <\/g> <g> <\/g> <g> <\/g> <g> <\/g> <g> <\/g> <g> <\/g> <g> <\/g> <g> <\/g> <g> <\/g> <g> <\/g> <g> <\/g> <g> <\/g> <g> <\/g> <g> <\/g> <g> <\/g> <\/svg><\/span>\t\t\t\t\t\t\t\t\t\t\t\t\t<\/div>\n\t\t\t\t\t<\/div>\n\t\t\t\t\n\t\t\t\t<div class=\"info-box-content\">\n\t\t\t\t\t\n\t\t\t\t\t\n\t\t\t\t\t<div class=\"info-box-inner set-cont-mb-s reset-last-child\"data-elementor-setting-key=\"content\"><p>Nuruosmaniye Cad. T\u00fcrbedar Sk. Tanyol Han No: 5 Floor:2 Ca\u011fo\u011flu, Fatih \/ Istanbul<\/p>\n<\/div>\n\n\t\t\t\t\t\t\t\t\t<\/div>\n\n\t\t\t\t\t\t\t<\/div>\n\t\t<\/div>\n\t\t\t\t<\/div>\n\t\t\t\t<\/div>\n\t\t\t\t\t<\/div>\n\t\t<\/div>\n\t\t\t\t\t\t\t<\/div>\n\t\t<\/section>\n\t\t\t\t\t\t\t<\/div>","protected":false},"excerpt":{"rendered":"<p>&#8220;,&#8221;selector&#8221;:&#8221;wd-map-id-65b0fb2304dea&#8221;,&#8221;markers&#8221;:null,&#8221;center&#8221;:&#8221;&#8221;}&#8217;> B\u0130ZE MESAJ G\u00d6NDER Your Name Your Email Phone Number Company Your Message \u0130LET\u0130\u015e\u0130ME GE\u00c7 0212 514 23 90 info@arenjewellery.com<\/p>","protected":false},"author":1,"featured_media":0,"parent":0,"menu_order":0,"comment_status":"closed","ping_status":"closed","template":"","meta":{"footnotes":""},"class_list":["post-4439","page","type-page","status-publish","hentry"],"_links":{"self":[{"href":"https:\/\/arenjewellery.com\/en\/wp-json\/wp\/v2\/pages\/4439","targetHints":{"allow":["GET"]}}],"collection":[{"href":"https:\/\/arenjewellery.com\/en\/wp-json\/wp\/v2\/pages"}],"about":[{"href":"https:\/\/arenjewellery.com\/en\/wp-json\/wp\/v2\/types\/page"}],"author":[{"embeddable":true,"href":"https:\/\/arenjewellery.com\/en\/wp-json\/wp\/v2\/users\/1"}],"replies":[{"embeddable":true,"href":"https:\/\/arenjewellery.com\/en\/wp-json\/wp\/v2\/comments?post=4439"}],"version-history":[{"count":34,"href":"https:\/\/arenjewellery.com\/en\/wp-json\/wp\/v2\/pages\/4439\/revisions"}],"predecessor-version":[{"id":23398,"href":"https:\/\/arenjewellery.com\/en\/wp-json\/wp\/v2\/pages\/4439\/revisions\/23398"}],"wp:attachment":[{"href":"https:\/\/arenjewellery.com\/en\/wp-json\/wp\/v2\/media?parent=4439"}],"curies":[{"name":"wp","href":"https:\/\/api.w.org\/{rel}","templated":true}]}}